{"id":2088,"date":"2023-09-19T14:43:13","date_gmt":"2023-09-19T12:43:13","guid":{"rendered":"https:\/\/mockelnforeningarna.se\/mohass\/?page_id=2088"},"modified":"2024-02-26T09:11:44","modified_gmt":"2024-02-26T08:11:44","slug":"packavdelningen","status":"publish","type":"page","link":"https:\/\/mockelnforeningarna.se\/mohass\/packavdelningen\/","title":{"rendered":"Packavdelningen\u00a0"},"content":{"rendered":"\n<p>Packavdelningen, p\u00e5 v\u00e5rt eget AB, utf\u00f6r olika tj\u00e4nster \u00e5t v\u00e5ra kunder.&nbsp;<\/p>\n\n\n\n<p>Vi har en stor avdelning som utf\u00f6r dessa tj\u00e4nster, ingen beg\u00e4ran har hittills varit f\u00f6r sv\u00e5r. Vi har ett flertal f\u00f6retag i v\u00e5r kundkrets, \u00e4ven ett Stockholmsf\u00f6retag ing\u00e5r i denna.&nbsp;<\/p>\n\n\n\n<p>Vi paketerar i kapslar, fickor och p\u00e5sar, allt enligt kundens \u00f6nskem\u00e5l. Den f\u00e4rdiga produkten packas i kartonger som d\u00e4refter pallas och plastas. Vi utf\u00f6r \u00e4ven ompaketering av skadade f\u00f6rpackningar.&nbsp;&nbsp;&nbsp;<\/p>\n\n\n\n<p>Vi utf\u00f6r m\u00e4rkning och etikettering av produkterna, allt enligt kundens \u00f6nskem\u00e5l.&nbsp;&nbsp;<\/p>\n\n\n\n<p>Om n\u00e5gon kund skulle ha andra \u00f6nskem\u00e5l, l\u00f6ser vi sj\u00e4lvklart detta.&nbsp;<\/p>\n\n\n\n<p>Vi erbjuder m\u00e4rkning av produkter, QR-koder, EAN-koder och \u00e4ven enklare text, vare sig vi packar era produkter eller ni bara vill ha tryck p\u00e5 era f\u00f6rpackningar.\u00a0<\/p>\n\n\n\n<p><strong>Kontakt<\/strong>&nbsp;<\/p>\n\n\n\n<p><strong>Janne Lindeman<\/strong>&nbsp;<\/p>\n\n\n\n<p><strong>070-798 42 06, <\/strong><a href=\"mailto:info@skumplastprodukter.se\" target=\"_blank\" rel=\"noreferrer noopener\"><strong>info@skumplastprodukter.se<\/strong><\/a><strong> .<\/strong>&nbsp;<\/p>\n","protected":false},"excerpt":{"rendered":"<p>Packavdelningen, p\u00e5 v\u00e5rt eget AB, utf\u00f6r olika tj\u00e4nster \u00e5t v\u00e5ra kunder.&nbsp; Vi har en stor avdelning som utf\u00f6r dessa tj\u00e4nster, ingen beg\u00e4ran har hittills varit f\u00f6r sv\u00e5r. Vi har ett [&hellip;]<\/p>\n","protected":false},"author":3,"featured_media":0,"parent":0,"menu_order":0,"comment_status":"closed","ping_status":"closed","template":"","meta":{"footnotes":""},"class_list":["post-2088","page","type-page","status-publish","hentry"],"_links":{"self":[{"href":"https:\/\/mockelnforeningarna.se\/mohass\/wp-json\/wp\/v2\/pages\/2088","targetHints":{"allow":["GET"]}}],"collection":[{"href":"https:\/\/mockelnforeningarna.se\/mohass\/wp-json\/wp\/v2\/pages"}],"about":[{"href":"https:\/\/mockelnforeningarna.se\/mohass\/wp-json\/wp\/v2\/types\/page"}],"author":[{"embeddable":true,"href":"https:\/\/mockelnforeningarna.se\/mohass\/wp-json\/wp\/v2\/users\/3"}],"replies":[{"embeddable":true,"href":"https:\/\/mockelnforeningarna.se\/mohass\/wp-json\/wp\/v2\/comments?post=2088"}],"version-history":[{"count":2,"href":"https:\/\/mockelnforeningarna.se\/mohass\/wp-json\/wp\/v2\/pages\/2088\/revisions"}],"predecessor-version":[{"id":2111,"href":"https:\/\/mockelnforeningarna.se\/mohass\/wp-json\/wp\/v2\/pages\/2088\/revisions\/2111"}],"wp:attachment":[{"href":"https:\/\/mockelnforeningarna.se\/mohass\/wp-json\/wp\/v2\/media?parent=2088"}],"curies":[{"name":"wp","href":"https:\/\/api.w.org\/{rel}","templated":true}]}}