{"id":6,"date":"2024-10-07T16:06:56","date_gmt":"2024-10-07T14:06:56","guid":{"rendered":"https:\/\/mockelnforeningarna.se\/naseemalsham\/?page_id=6"},"modified":"2024-10-07T16:44:07","modified_gmt":"2024-10-07T14:44:07","slug":"hem","status":"publish","type":"page","link":"https:\/\/mockelnforeningarna.se\/naseemalsham\/","title":{"rendered":""},"content":{"rendered":"\n<div class=\"wp-block-cover alignfull is-light\" style=\"margin-top:0;margin-bottom:0\"><span aria-hidden=\"true\" class=\"wp-block-cover__background has-background-dim-30 has-background-dim\" style=\"background-color:#978e81\"><\/span><img loading=\"lazy\" decoding=\"async\" width=\"2000\" height=\"1500\" class=\"wp-block-cover__image-background wp-image-28\" alt=\"\" src=\"https:\/\/mockelnforeningarna.se\/app\/uploads\/sites\/103\/2024\/10\/image0-1.jpeg\" style=\"object-position:51% 15%\" data-object-fit=\"cover\" data-object-position=\"51% 15%\" srcset=\"https:\/\/mockelnforeningarna.se\/app\/uploads\/sites\/103\/2024\/10\/image0-1.jpeg 2000w, https:\/\/mockelnforeningarna.se\/app\/uploads\/sites\/103\/2024\/10\/image0-1-300x225.jpeg 300w, https:\/\/mockelnforeningarna.se\/app\/uploads\/sites\/103\/2024\/10\/image0-1-1024x768.jpeg 1024w, https:\/\/mockelnforeningarna.se\/app\/uploads\/sites\/103\/2024\/10\/image0-1-768x576.jpeg 768w, https:\/\/mockelnforeningarna.se\/app\/uploads\/sites\/103\/2024\/10\/image0-1-1536x1152.jpeg 1536w, https:\/\/mockelnforeningarna.se\/app\/uploads\/sites\/103\/2024\/10\/image0-1-1600x1200.jpeg 1600w, https:\/\/mockelnforeningarna.se\/app\/uploads\/sites\/103\/2024\/10\/image0-1-1400x1050.jpeg 1400w, https:\/\/mockelnforeningarna.se\/app\/uploads\/sites\/103\/2024\/10\/image0-1-800x600.jpeg 800w, https:\/\/mockelnforeningarna.se\/app\/uploads\/sites\/103\/2024\/10\/image0-1-500x375.jpeg 500w, https:\/\/mockelnforeningarna.se\/app\/uploads\/sites\/103\/2024\/10\/image0-1-1440x1080.jpeg 1440w, https:\/\/mockelnforeningarna.se\/app\/uploads\/sites\/103\/2024\/10\/image0-1-600x450.jpeg 600w\" sizes=\"auto, (max-width: 2000px) 100vw, 2000px\" \/><div class=\"wp-block-cover__inner-container has-global-padding is-layout-constrained wp-block-cover-is-layout-constrained\">\n<p class=\"has-text-align-center has-large-font-size\"><\/p>\n<\/div><\/div>\n\n\n\n<div class=\"wp-block-group has-global-padding is-layout-constrained wp-block-group-is-layout-constrained\" style=\"margin-top:var(--wp--preset--spacing--small);margin-bottom:var(--wp--preset--spacing--small)\">\n<p>1. Intresse f\u00f6r kultur och tradition: Intresset f\u00f6r folkmusik och kultur \u00e4r v\u00e5r drivkraft.<\/p>\n\n\n\n<p>2. Uttryck f\u00f6r kulturell identitet: Individer kan vilja uttrycka sin kulturella identitet och tillh\u00f6righet till sitt samh\u00e4lle genom att delta i ett band som \u00e5terspeglar deras musikaliska arv.<\/p>\n\n\n\n<p>3. Musik som kommunikationsverktyg: Bandet kommer att hj\u00e4lpa oss att f\u00f6rmedla v\u00e5r kultur\/tradition till det svenska samh\u00e4llet.<\/p>\n<\/div>\n","protected":false},"excerpt":{"rendered":"<p>1. Intresse f\u00f6r kultur och tradition: Intresset f\u00f6r folkmusik och kultur \u00e4r v\u00e5r drivkraft. 2. Uttryck f\u00f6r kulturell identitet: Individer kan vilja uttrycka sin kulturella identitet och tillh\u00f6righet till sitt [&hellip;]<\/p>\n","protected":false},"author":3,"featured_media":0,"parent":0,"menu_order":0,"comment_status":"closed","ping_status":"closed","template":"page-notitle.php","meta":{"footnotes":""},"class_list":["post-6","page","type-page","status-publish","hentry"],"_links":{"self":[{"href":"https:\/\/mockelnforeningarna.se\/naseemalsham\/wp-json\/wp\/v2\/pages\/6","targetHints":{"allow":["GET"]}}],"collection":[{"href":"https:\/\/mockelnforeningarna.se\/naseemalsham\/wp-json\/wp\/v2\/pages"}],"about":[{"href":"https:\/\/mockelnforeningarna.se\/naseemalsham\/wp-json\/wp\/v2\/types\/page"}],"author":[{"embeddable":true,"href":"https:\/\/mockelnforeningarna.se\/naseemalsham\/wp-json\/wp\/v2\/users\/3"}],"replies":[{"embeddable":true,"href":"https:\/\/mockelnforeningarna.se\/naseemalsham\/wp-json\/wp\/v2\/comments?post=6"}],"version-history":[{"count":15,"href":"https:\/\/mockelnforeningarna.se\/naseemalsham\/wp-json\/wp\/v2\/pages\/6\/revisions"}],"predecessor-version":[{"id":53,"href":"https:\/\/mockelnforeningarna.se\/naseemalsham\/wp-json\/wp\/v2\/pages\/6\/revisions\/53"}],"wp:attachment":[{"href":"https:\/\/mockelnforeningarna.se\/naseemalsham\/wp-json\/wp\/v2\/media?parent=6"}],"curies":[{"name":"wp","href":"https:\/\/api.w.org\/{rel}","templated":true}]}}