{"id":128,"date":"2021-06-10T12:29:14","date_gmt":"2021-06-10T10:29:14","guid":{"rendered":"https:\/\/mockelnforeningarna.se\/nkjk\/?page_id=128"},"modified":"2025-09-13T10:39:09","modified_gmt":"2025-09-13T08:39:09","slug":"hem","status":"publish","type":"page","link":"https:\/\/mockelnforeningarna.se\/nkjk\/","title":{"rendered":"Hem"},"content":{"rendered":"\n<div class=\"wp-block-cover alignfull\"><span aria-hidden=\"true\" class=\"wp-block-cover__background has-background-dim\"><\/span><img loading=\"lazy\" decoding=\"async\" width=\"2560\" height=\"1440\" class=\"wp-block-cover__image-background wp-image-133\" alt=\"\" src=\"https:\/\/mockelnforeningarna.se\/app\/uploads\/sites\/42\/2021\/06\/DSC04816-scaled.jpeg\" data-object-fit=\"cover\" srcset=\"https:\/\/mockelnforeningarna.se\/app\/uploads\/sites\/42\/2021\/06\/DSC04816-scaled.jpeg 2560w, https:\/\/mockelnforeningarna.se\/app\/uploads\/sites\/42\/2021\/06\/DSC04816-300x169.jpeg 300w, https:\/\/mockelnforeningarna.se\/app\/uploads\/sites\/42\/2021\/06\/DSC04816-1024x576.jpeg 1024w, https:\/\/mockelnforeningarna.se\/app\/uploads\/sites\/42\/2021\/06\/DSC04816-768x432.jpeg 768w, https:\/\/mockelnforeningarna.se\/app\/uploads\/sites\/42\/2021\/06\/DSC04816-1536x864.jpeg 1536w, https:\/\/mockelnforeningarna.se\/app\/uploads\/sites\/42\/2021\/06\/DSC04816-2048x1152.jpeg 2048w, https:\/\/mockelnforeningarna.se\/app\/uploads\/sites\/42\/2021\/06\/DSC04816-1400x788.jpeg 1400w, https:\/\/mockelnforeningarna.se\/app\/uploads\/sites\/42\/2021\/06\/DSC04816-800x450.jpeg 800w, https:\/\/mockelnforeningarna.se\/app\/uploads\/sites\/42\/2021\/06\/DSC04816-500x281.jpeg 500w, https:\/\/mockelnforeningarna.se\/app\/uploads\/sites\/42\/2021\/06\/DSC04816-1440x810.jpeg 1440w, https:\/\/mockelnforeningarna.se\/app\/uploads\/sites\/42\/2021\/06\/DSC04816-600x338.jpeg 600w, https:\/\/mockelnforeningarna.se\/app\/uploads\/sites\/42\/2021\/06\/DSC04816-1600x900.jpeg 1600w\" sizes=\"auto, (max-width: 2560px) 100vw, 2560px\" \/><div class=\"wp-block-cover__inner-container is-layout-flow wp-block-cover-is-layout-flow\">\n<p class=\"has-text-align-center has-large-font-size\">V\u00e4lkommen till Nora Karlskoga J\u00e4rnv\u00e4gsklubb<\/p>\n\n\n\n<p class=\"has-text-align-center\" style=\"line-height:0\"><em>F\u00f6reningen arbetar f\u00f6r<\/em><\/p>\n\n\n\n<p class=\"has-text-align-center\" style=\"line-height:0\"><em> att levandeg\u00f6ra j\u00e4rnv\u00e4gshistoria<\/em><\/p>\n\n\n\n<p class=\"has-text-align-center\" style=\"line-height:0\"><em>och bevara milj\u00f6n runt Bofors station.<\/em><\/p>\n\n\n\n<p class=\"has-text-align-center\" style=\"line-height:0\"><\/p>\n<\/div><\/div>\n\n\n\n<p style=\"margin-top:var(--wp--preset--spacing--large);margin-right:0;margin-bottom:0;margin-left:0\"><strong>NKJK \u2013 Nora Karlskoga J\u00e4rnv\u00e4gsklubb<\/strong>&nbsp;\u00e4r en ideell f\u00f6rening som har sin verksamhet vid Bofors station.<\/p>\n\n\n\n<p>F\u00f6reningen arbetar f\u00f6r att levandeg\u00f6ra j\u00e4rnv\u00e4gshistoria och bevara milj\u00f6n runt Bofors station. F\u00f6reningen har vissa sk\u00f6tsel\u00e5tangande i omr\u00e5det och samverkar med \u00f6vriga akt\u00f6rer i olika arrangemang i omr\u00e5det. F\u00f6reningen anordnar \u00e4ven utst\u00e4llningar i v\u00e4ntsalen i stationshuset.<\/p>\n","protected":false},"excerpt":{"rendered":"<p>NKJK \u2013 Nora Karlskoga J\u00e4rnv\u00e4gsklubb&nbsp;\u00e4r en ideell f\u00f6rening som har sin verksamhet vid Bofors station. F\u00f6reningen arbetar f\u00f6r att levandeg\u00f6ra j\u00e4rnv\u00e4gshistoria och bevara milj\u00f6n runt Bofors station. F\u00f6reningen har vissa [&hellip;]<\/p>\n","protected":false},"author":3,"featured_media":0,"parent":0,"menu_order":10,"comment_status":"closed","ping_status":"closed","template":"page-notitle.php","meta":{"footnotes":""},"class_list":["post-128","page","type-page","status-publish","hentry"],"_links":{"self":[{"href":"https:\/\/mockelnforeningarna.se\/nkjk\/wp-json\/wp\/v2\/pages\/128","targetHints":{"allow":["GET"]}}],"collection":[{"href":"https:\/\/mockelnforeningarna.se\/nkjk\/wp-json\/wp\/v2\/pages"}],"about":[{"href":"https:\/\/mockelnforeningarna.se\/nkjk\/wp-json\/wp\/v2\/types\/page"}],"author":[{"embeddable":true,"href":"https:\/\/mockelnforeningarna.se\/nkjk\/wp-json\/wp\/v2\/users\/3"}],"replies":[{"embeddable":true,"href":"https:\/\/mockelnforeningarna.se\/nkjk\/wp-json\/wp\/v2\/comments?post=128"}],"version-history":[{"count":5,"href":"https:\/\/mockelnforeningarna.se\/nkjk\/wp-json\/wp\/v2\/pages\/128\/revisions"}],"predecessor-version":[{"id":218,"href":"https:\/\/mockelnforeningarna.se\/nkjk\/wp-json\/wp\/v2\/pages\/128\/revisions\/218"}],"wp:attachment":[{"href":"https:\/\/mockelnforeningarna.se\/nkjk\/wp-json\/wp\/v2\/media?parent=128"}],"curies":[{"name":"wp","href":"https:\/\/api.w.org\/{rel}","templated":true}]}}