{"id":164,"date":"2014-06-25T16:46:06","date_gmt":"2014-06-25T14:46:06","guid":{"rendered":"https:\/\/mockelnforeningarna.se\/nkjk\/?page_id=3"},"modified":"2022-12-19T11:57:24","modified_gmt":"2022-12-19T10:57:24","slug":"kontakt","status":"publish","type":"page","link":"https:\/\/mockelnforeningarna.se\/nkjk\/kontakt\/","title":{"rendered":"Kontakt"},"content":{"rendered":"\n<p>Kontakta f\u00f6reningen genom v\u00e5r ordf\u00f6rande, Anders Nygren: tel&nbsp;070-568 88 15.<\/p>\n\n\n\n<p>Vill du bli medlem? Kontakta v\u00e5r ordf\u00f6rande.<\/p>\n\n\n\n<p>Medlemsavgiften \u00e4r 200 kr per \u00e5r.<\/p>\n","protected":false},"excerpt":{"rendered":"<p>Kontakta f\u00f6reningen genom v\u00e5r ordf\u00f6rande, Anders Nygren: tel&nbsp;070-568 88 15. Vill du bli medlem? Kontakta v\u00e5r ordf\u00f6rande. Medlemsavgiften \u00e4r 200 kr per \u00e5r.<\/p>\n","protected":false},"author":56,"featured_media":0,"parent":0,"menu_order":0,"comment_status":"closed","ping_status":"closed","template":"","meta":{"footnotes":""},"class_list":["post-164","page","type-page","status-publish","hentry"],"_links":{"self":[{"href":"https:\/\/mockelnforeningarna.se\/nkjk\/wp-json\/wp\/v2\/pages\/164","targetHints":{"allow":["GET"]}}],"collection":[{"href":"https:\/\/mockelnforeningarna.se\/nkjk\/wp-json\/wp\/v2\/pages"}],"about":[{"href":"https:\/\/mockelnforeningarna.se\/nkjk\/wp-json\/wp\/v2\/types\/page"}],"author":[{"embeddable":true,"href":"https:\/\/mockelnforeningarna.se\/nkjk\/wp-json\/wp\/v2\/users\/56"}],"replies":[{"embeddable":true,"href":"https:\/\/mockelnforeningarna.se\/nkjk\/wp-json\/wp\/v2\/comments?post=164"}],"version-history":[{"count":1,"href":"https:\/\/mockelnforeningarna.se\/nkjk\/wp-json\/wp\/v2\/pages\/164\/revisions"}],"predecessor-version":[{"id":190,"href":"https:\/\/mockelnforeningarna.se\/nkjk\/wp-json\/wp\/v2\/pages\/164\/revisions\/190"}],"wp:attachment":[{"href":"https:\/\/mockelnforeningarna.se\/nkjk\/wp-json\/wp\/v2\/media?parent=164"}],"curies":[{"name":"wp","href":"https:\/\/api.w.org\/{rel}","templated":true}]}}