{"id":43,"date":"2023-02-09T09:26:56","date_gmt":"2023-02-09T08:26:56","guid":{"rendered":"https:\/\/mockelnforeningarna.se\/pfsi\/?page_id=43"},"modified":"2023-10-09T10:36:55","modified_gmt":"2023-10-09T08:36:55","slug":"aktuellt","status":"publish","type":"page","link":"https:\/\/mockelnforeningarna.se\/psi\/aktuellt\/","title":{"rendered":"Aktuellt"},"content":{"rendered":"\n<p>H\u00e4r hittar du information, aktiviteter, rapporter m.m. fr\u00e5n och f\u00f6r medlemmar i Partnerskapet f\u00f6r sociala innovationer! Du hittar tre rubriker: Allm\u00e4nt, Utlysningar och Rapporter.<\/p>\n\n\n\n<h2 class=\"wp-block-heading\">ALLM\u00c4NT<\/h2>\n\n\n\n<h4 class=\"wp-block-heading\"><strong>Re:start, pengar kvar<\/strong>!<\/h4>\n\n\n\n<p>Stipendium upp till 10.000kr f\u00f6r id\u00e9er kring \u00f6kad social, ekonomisk eller milj\u00f6m\u00e4ssig h\u00e5llbarhet. L\u00e4s mer <a href=\"https:\/\/www.oru.se\/samverkan\/oru-innovation\/student-impact-lab\/restart--sok-stipendium-och-bidra-till-en-battre-varld\/\">H\u00c4R<\/a><\/p>\n\n\n\n<h2 class=\"wp-block-heading\">UTLYSNINGAR<\/h2>\n\n\n\n<h4 class=\"wp-block-heading\">Grannskapsinitiativet &#8211; \u00f6ppet \u00e5ret runt!<\/h4>\n\n\n\n<p>Visste du att det finns pengar att s\u00f6ka hos Postkodsstiftelsen &#8211; svar p\u00e5 ans\u00f6kan inom 2-6 veckor! L\u00e4s mer h\u00e4r: <a href=\"https:\/\/mockelnforeningarna.se\/tips-om-projektbidrag-grannskapsinitiativet\/\">https:\/\/mockelnforeningarna.se\/tips-om-projektbidrag-grannskapsinitiativet\/<\/a><\/p>\n\n\n\n<p><\/p>\n\n\n\n<h2 class=\"wp-block-heading\">RAPPORTER<\/h2>\n\n\n\n<p><a href=\"https:\/\/drive.google.com\/file\/d\/1a2v_v_MEwQBPfsx5ycnnE6tzG_h-1HSy\/view\">Rapport Social Impact Stock Exchange &#8211; the Mock IPO Report<\/a><br>Kontaktperson: Anders Bro<\/p>\n\n\n\n<p>Slutrapport <a rel=\"noreferrer noopener\" href=\"https:\/\/skr.se\/skr\/tjanster\/rapporterochskrifter\/publikationer\/lardomarfranutvecklingsnatverksocialaforetag.68682.html\" target=\"_blank\">L\u00e4rdomar fr\u00e5n utvecklingsn\u00e4tverks sociala f\u00f6retag<\/a> <br>Kontaktperson: Anders Bro<br><\/p>\n","protected":false},"excerpt":{"rendered":"<p>H\u00e4r hittar du information, aktiviteter, rapporter m.m. fr\u00e5n och f\u00f6r medlemmar i Partnerskapet f\u00f6r sociala innovationer! Du hittar tre rubriker: Allm\u00e4nt, Utlysningar och Rapporter. ALLM\u00c4NT Re:start, pengar kvar! Stipendium upp [&hellip;]<\/p>\n","protected":false},"author":3,"featured_media":0,"parent":0,"menu_order":0,"comment_status":"closed","ping_status":"closed","template":"","meta":{"footnotes":""},"class_list":["post-43","page","type-page","status-publish","hentry"],"_links":{"self":[{"href":"https:\/\/mockelnforeningarna.se\/psi\/wp-json\/wp\/v2\/pages\/43","targetHints":{"allow":["GET"]}}],"collection":[{"href":"https:\/\/mockelnforeningarna.se\/psi\/wp-json\/wp\/v2\/pages"}],"about":[{"href":"https:\/\/mockelnforeningarna.se\/psi\/wp-json\/wp\/v2\/types\/page"}],"author":[{"embeddable":true,"href":"https:\/\/mockelnforeningarna.se\/psi\/wp-json\/wp\/v2\/users\/3"}],"replies":[{"embeddable":true,"href":"https:\/\/mockelnforeningarna.se\/psi\/wp-json\/wp\/v2\/comments?post=43"}],"version-history":[{"count":22,"href":"https:\/\/mockelnforeningarna.se\/psi\/wp-json\/wp\/v2\/pages\/43\/revisions"}],"predecessor-version":[{"id":185,"href":"https:\/\/mockelnforeningarna.se\/psi\/wp-json\/wp\/v2\/pages\/43\/revisions\/185"}],"wp:attachment":[{"href":"https:\/\/mockelnforeningarna.se\/psi\/wp-json\/wp\/v2\/media?parent=43"}],"curies":[{"name":"wp","href":"https:\/\/api.w.org\/{rel}","templated":true}]}}