{"id":1007,"date":"2018-05-13T20:44:11","date_gmt":"2018-05-13T18:44:11","guid":{"rendered":"https:\/\/mockelnforeningarna.se\/rampaborg\/?page_id=1007"},"modified":"2026-01-04T21:42:38","modified_gmt":"2026-01-04T20:42:38","slug":"akbara-ytor","status":"publish","type":"page","link":"https:\/\/mockelnforeningarna.se\/rampaborg\/akbara-ytor\/","title":{"rendered":"\u00c5kbara ytor"},"content":{"rendered":"\n<p>V\u00e5ra tre \u00e5kbara ytor i Karlskoga kan ni se h\u00e4r under i bildgalleriet.<\/p>\n\n\n\n<p><strong>Ekeby DIY<\/strong> &#8211; \u00c4r v\u00e5r utomhusyta d\u00e4r vi bygger sj\u00e4lva i betong. Ytan finns mittemot Bodaborg p\u00e5 Ekeby.<\/p>\n\n\n\n<p><strong>Rampaborg\u00a0<\/strong>&#8211; V\u00e5r inomhushall sedan 2006. H\u00e4r har vi oftast \u00f6ppet under vinterhalv\u00e5ret. H\u00e5ll utkik p\u00e5 nyhets-sidan p\u00e5 hemsidan eller p\u00e5 Instagram. Inomhushallen ligger bakom OK\/Q8 p\u00e5 Ekeby. Ing\u00e5ngen \u00e4r vid lastkajen.<\/p>\n\n\n\n<p><strong>Oasen&nbsp;<\/strong>&#8211; \u00c4r F\u00f6reningen och Karlskoga kommuns gemensamma arbete. Parken ligger nere vid brandstationen vid Boforsudden.<\/p>\n\n\n\n<figure class=\"wp-block-gallery has-nested-images columns-default is-cropped wp-block-gallery-1 is-layout-flex wp-block-gallery-is-layout-flex\">\n<figure class=\"wp-block-image size-large\"><img loading=\"lazy\" decoding=\"async\" width=\"683\" height=\"1024\" data-id=\"1058\" src=\"https:\/\/mockelnforeningarna.se\/app\/uploads\/sites\/30\/2018\/05\/IMG_8785-683x1024.jpg\" alt=\"\" class=\"wp-image-1058\" srcset=\"https:\/\/mockelnforeningarna.se\/app\/uploads\/sites\/30\/2018\/05\/IMG_8785-683x1024.jpg 683w, https:\/\/mockelnforeningarna.se\/app\/uploads\/sites\/30\/2018\/05\/IMG_8785-200x300.jpg 200w, https:\/\/mockelnforeningarna.se\/app\/uploads\/sites\/30\/2018\/05\/IMG_8785-768x1152.jpg 768w, https:\/\/mockelnforeningarna.se\/app\/uploads\/sites\/30\/2018\/05\/IMG_8785-1024x1536.jpg 1024w, https:\/\/mockelnforeningarna.se\/app\/uploads\/sites\/30\/2018\/05\/IMG_8785-1365x2048.jpg 1365w, https:\/\/mockelnforeningarna.se\/app\/uploads\/sites\/30\/2018\/05\/IMG_8785-1400x2100.jpg 1400w, https:\/\/mockelnforeningarna.se\/app\/uploads\/sites\/30\/2018\/05\/IMG_8785-800x1200.jpg 800w, https:\/\/mockelnforeningarna.se\/app\/uploads\/sites\/30\/2018\/05\/IMG_8785-500x750.jpg 500w, https:\/\/mockelnforeningarna.se\/app\/uploads\/sites\/30\/2018\/05\/IMG_8785-1440x2160.jpg 1440w, https:\/\/mockelnforeningarna.se\/app\/uploads\/sites\/30\/2018\/05\/IMG_8785-600x900.jpg 600w, https:\/\/mockelnforeningarna.se\/app\/uploads\/sites\/30\/2018\/05\/IMG_8785-1600x2400.jpg 1600w, https:\/\/mockelnforeningarna.se\/app\/uploads\/sites\/30\/2018\/05\/IMG_8785-scaled.jpg 1707w\" sizes=\"auto, (max-width: 683px) 100vw, 683px\" \/><\/figure>\n\n\n\n<figure class=\"wp-block-image size-large\"><img loading=\"lazy\" decoding=\"async\" width=\"683\" height=\"1024\" data-id=\"1057\" src=\"https:\/\/mockelnforeningarna.se\/app\/uploads\/sites\/30\/2018\/05\/IMG_8776-683x1024.jpg\" alt=\"\" class=\"wp-image-1057\" srcset=\"https:\/\/mockelnforeningarna.se\/app\/uploads\/sites\/30\/2018\/05\/IMG_8776-683x1024.jpg 683w, https:\/\/mockelnforeningarna.se\/app\/uploads\/sites\/30\/2018\/05\/IMG_8776-200x300.jpg 200w, https:\/\/mockelnforeningarna.se\/app\/uploads\/sites\/30\/2018\/05\/IMG_8776-768x1152.jpg 768w, https:\/\/mockelnforeningarna.se\/app\/uploads\/sites\/30\/2018\/05\/IMG_8776-1024x1536.jpg 1024w, https:\/\/mockelnforeningarna.se\/app\/uploads\/sites\/30\/2018\/05\/IMG_8776-1365x2048.jpg 1365w, https:\/\/mockelnforeningarna.se\/app\/uploads\/sites\/30\/2018\/05\/IMG_8776-1400x2100.jpg 1400w, https:\/\/mockelnforeningarna.se\/app\/uploads\/sites\/30\/2018\/05\/IMG_8776-800x1200.jpg 800w, https:\/\/mockelnforeningarna.se\/app\/uploads\/sites\/30\/2018\/05\/IMG_8776-500x750.jpg 500w, https:\/\/mockelnforeningarna.se\/app\/uploads\/sites\/30\/2018\/05\/IMG_8776-1440x2160.jpg 1440w, https:\/\/mockelnforeningarna.se\/app\/uploads\/sites\/30\/2018\/05\/IMG_8776-600x900.jpg 600w, https:\/\/mockelnforeningarna.se\/app\/uploads\/sites\/30\/2018\/05\/IMG_8776-1600x2400.jpg 1600w, https:\/\/mockelnforeningarna.se\/app\/uploads\/sites\/30\/2018\/05\/IMG_8776-scaled.jpg 1707w\" sizes=\"auto, (max-width: 683px) 100vw, 683px\" \/><\/figure>\n\n\n\n<figure class=\"wp-block-image size-large\"><img loading=\"lazy\" decoding=\"async\" width=\"683\" height=\"1024\" data-id=\"1056\" src=\"https:\/\/mockelnforeningarna.se\/app\/uploads\/sites\/30\/2018\/05\/IMG_8770-683x1024.jpg\" alt=\"\" class=\"wp-image-1056\" srcset=\"https:\/\/mockelnforeningarna.se\/app\/uploads\/sites\/30\/2018\/05\/IMG_8770-683x1024.jpg 683w, https:\/\/mockelnforeningarna.se\/app\/uploads\/sites\/30\/2018\/05\/IMG_8770-200x300.jpg 200w, https:\/\/mockelnforeningarna.se\/app\/uploads\/sites\/30\/2018\/05\/IMG_8770-768x1152.jpg 768w, https:\/\/mockelnforeningarna.se\/app\/uploads\/sites\/30\/2018\/05\/IMG_8770-1024x1536.jpg 1024w, https:\/\/mockelnforeningarna.se\/app\/uploads\/sites\/30\/2018\/05\/IMG_8770-1365x2048.jpg 1365w, https:\/\/mockelnforeningarna.se\/app\/uploads\/sites\/30\/2018\/05\/IMG_8770-1400x2100.jpg 1400w, https:\/\/mockelnforeningarna.se\/app\/uploads\/sites\/30\/2018\/05\/IMG_8770-800x1200.jpg 800w, https:\/\/mockelnforeningarna.se\/app\/uploads\/sites\/30\/2018\/05\/IMG_8770-500x750.jpg 500w, https:\/\/mockelnforeningarna.se\/app\/uploads\/sites\/30\/2018\/05\/IMG_8770-1440x2160.jpg 1440w, https:\/\/mockelnforeningarna.se\/app\/uploads\/sites\/30\/2018\/05\/IMG_8770-600x900.jpg 600w, https:\/\/mockelnforeningarna.se\/app\/uploads\/sites\/30\/2018\/05\/IMG_8770-1600x2400.jpg 1600w, https:\/\/mockelnforeningarna.se\/app\/uploads\/sites\/30\/2018\/05\/IMG_8770-scaled.jpg 1707w\" sizes=\"auto, (max-width: 683px) 100vw, 683px\" \/><\/figure>\n\n\n\n<figure class=\"wp-block-image size-large\"><img loading=\"lazy\" decoding=\"async\" width=\"1024\" height=\"768\" data-id=\"1055\" src=\"https:\/\/mockelnforeningarna.se\/app\/uploads\/sites\/30\/2018\/05\/201112201161-1024x768.jpg\" alt=\"\" class=\"wp-image-1055\" srcset=\"https:\/\/mockelnforeningarna.se\/app\/uploads\/sites\/30\/2018\/05\/201112201161-1024x768.jpg 1024w, https:\/\/mockelnforeningarna.se\/app\/uploads\/sites\/30\/2018\/05\/201112201161-300x225.jpg 300w, https:\/\/mockelnforeningarna.se\/app\/uploads\/sites\/30\/2018\/05\/201112201161-768x576.jpg 768w, https:\/\/mockelnforeningarna.se\/app\/uploads\/sites\/30\/2018\/05\/201112201161-1536x1152.jpg 1536w, https:\/\/mockelnforeningarna.se\/app\/uploads\/sites\/30\/2018\/05\/201112201161-1400x1050.jpg 1400w, https:\/\/mockelnforeningarna.se\/app\/uploads\/sites\/30\/2018\/05\/201112201161-800x600.jpg 800w, https:\/\/mockelnforeningarna.se\/app\/uploads\/sites\/30\/2018\/05\/201112201161-500x375.jpg 500w, https:\/\/mockelnforeningarna.se\/app\/uploads\/sites\/30\/2018\/05\/201112201161-1440x1080.jpg 1440w, https:\/\/mockelnforeningarna.se\/app\/uploads\/sites\/30\/2018\/05\/201112201161-600x450.jpg 600w, https:\/\/mockelnforeningarna.se\/app\/uploads\/sites\/30\/2018\/05\/201112201161-1600x1200.jpg 1600w, https:\/\/mockelnforeningarna.se\/app\/uploads\/sites\/30\/2018\/05\/201112201161.jpg 2048w\" sizes=\"auto, (max-width: 1024px) 100vw, 1024px\" \/><\/figure>\n\n\n\n<figure class=\"wp-block-image size-large\"><img loading=\"lazy\" decoding=\"async\" width=\"1024\" height=\"768\" data-id=\"1054\" src=\"https:\/\/mockelnforeningarna.se\/app\/uploads\/sites\/30\/2018\/05\/201112201154-1024x768.jpg\" alt=\"\" class=\"wp-image-1054\" srcset=\"https:\/\/mockelnforeningarna.se\/app\/uploads\/sites\/30\/2018\/05\/201112201154-1024x768.jpg 1024w, https:\/\/mockelnforeningarna.se\/app\/uploads\/sites\/30\/2018\/05\/201112201154-300x225.jpg 300w, https:\/\/mockelnforeningarna.se\/app\/uploads\/sites\/30\/2018\/05\/201112201154-768x576.jpg 768w, https:\/\/mockelnforeningarna.se\/app\/uploads\/sites\/30\/2018\/05\/201112201154-1536x1152.jpg 1536w, https:\/\/mockelnforeningarna.se\/app\/uploads\/sites\/30\/2018\/05\/201112201154-1400x1050.jpg 1400w, https:\/\/mockelnforeningarna.se\/app\/uploads\/sites\/30\/2018\/05\/201112201154-800x600.jpg 800w, https:\/\/mockelnforeningarna.se\/app\/uploads\/sites\/30\/2018\/05\/201112201154-500x375.jpg 500w, https:\/\/mockelnforeningarna.se\/app\/uploads\/sites\/30\/2018\/05\/201112201154-1440x1080.jpg 1440w, https:\/\/mockelnforeningarna.se\/app\/uploads\/sites\/30\/2018\/05\/201112201154-600x450.jpg 600w, https:\/\/mockelnforeningarna.se\/app\/uploads\/sites\/30\/2018\/05\/201112201154-1600x1200.jpg 1600w, https:\/\/mockelnforeningarna.se\/app\/uploads\/sites\/30\/2018\/05\/201112201154.jpg 2048w\" sizes=\"auto, (max-width: 1024px) 100vw, 1024px\" \/><\/figure>\n\n\n\n<figure class=\"wp-block-image size-large\"><img loading=\"lazy\" decoding=\"async\" width=\"960\" height=\"720\" data-id=\"990\" src=\"https:\/\/mockelnforeningarna.se\/app\/uploads\/sites\/30\/2018\/05\/15747565_10154022550545988_6765009153281971964_n-1.jpg\" alt=\"\" class=\"wp-image-990\" srcset=\"https:\/\/mockelnforeningarna.se\/app\/uploads\/sites\/30\/2018\/05\/15747565_10154022550545988_6765009153281971964_n-1.jpg 960w, https:\/\/mockelnforeningarna.se\/app\/uploads\/sites\/30\/2018\/05\/15747565_10154022550545988_6765009153281971964_n-1-300x225.jpg 300w, https:\/\/mockelnforeningarna.se\/app\/uploads\/sites\/30\/2018\/05\/15747565_10154022550545988_6765009153281971964_n-1-768x576.jpg 768w, https:\/\/mockelnforeningarna.se\/app\/uploads\/sites\/30\/2018\/05\/15747565_10154022550545988_6765009153281971964_n-1-800x600.jpg 800w, https:\/\/mockelnforeningarna.se\/app\/uploads\/sites\/30\/2018\/05\/15747565_10154022550545988_6765009153281971964_n-1-500x375.jpg 500w, https:\/\/mockelnforeningarna.se\/app\/uploads\/sites\/30\/2018\/05\/15747565_10154022550545988_6765009153281971964_n-1-600x450.jpg 600w\" sizes=\"auto, (max-width: 960px) 100vw, 960px\" \/><\/figure>\n\n\n\n<figure class=\"wp-block-image size-large\"><img loading=\"lazy\" decoding=\"async\" width=\"960\" height=\"720\" data-id=\"989\" src=\"https:\/\/mockelnforeningarna.se\/app\/uploads\/sites\/30\/2018\/05\/15672563_10154022550620988_8147304673498608320_n.jpg\" alt=\"\" class=\"wp-image-989\" srcset=\"https:\/\/mockelnforeningarna.se\/app\/uploads\/sites\/30\/2018\/05\/15672563_10154022550620988_8147304673498608320_n.jpg 960w, https:\/\/mockelnforeningarna.se\/app\/uploads\/sites\/30\/2018\/05\/15672563_10154022550620988_8147304673498608320_n-300x225.jpg 300w, https:\/\/mockelnforeningarna.se\/app\/uploads\/sites\/30\/2018\/05\/15672563_10154022550620988_8147304673498608320_n-768x576.jpg 768w, https:\/\/mockelnforeningarna.se\/app\/uploads\/sites\/30\/2018\/05\/15672563_10154022550620988_8147304673498608320_n-800x600.jpg 800w, https:\/\/mockelnforeningarna.se\/app\/uploads\/sites\/30\/2018\/05\/15672563_10154022550620988_8147304673498608320_n-500x375.jpg 500w, https:\/\/mockelnforeningarna.se\/app\/uploads\/sites\/30\/2018\/05\/15672563_10154022550620988_8147304673498608320_n-600x450.jpg 600w\" sizes=\"auto, (max-width: 960px) 100vw, 960px\" \/><\/figure>\n\n\n\n<figure class=\"wp-block-image size-large\"><img loading=\"lazy\" decoding=\"async\" width=\"960\" height=\"720\" data-id=\"988\" src=\"https:\/\/mockelnforeningarna.se\/app\/uploads\/sites\/30\/2018\/05\/15665533_10154022550430988_1988911703641825615_n-1.jpg\" alt=\"\" class=\"wp-image-988\" srcset=\"https:\/\/mockelnforeningarna.se\/app\/uploads\/sites\/30\/2018\/05\/15665533_10154022550430988_1988911703641825615_n-1.jpg 960w, https:\/\/mockelnforeningarna.se\/app\/uploads\/sites\/30\/2018\/05\/15665533_10154022550430988_1988911703641825615_n-1-300x225.jpg 300w, https:\/\/mockelnforeningarna.se\/app\/uploads\/sites\/30\/2018\/05\/15665533_10154022550430988_1988911703641825615_n-1-768x576.jpg 768w, https:\/\/mockelnforeningarna.se\/app\/uploads\/sites\/30\/2018\/05\/15665533_10154022550430988_1988911703641825615_n-1-800x600.jpg 800w, https:\/\/mockelnforeningarna.se\/app\/uploads\/sites\/30\/2018\/05\/15665533_10154022550430988_1988911703641825615_n-1-500x375.jpg 500w, https:\/\/mockelnforeningarna.se\/app\/uploads\/sites\/30\/2018\/05\/15665533_10154022550430988_1988911703641825615_n-1-600x450.jpg 600w\" sizes=\"auto, (max-width: 960px) 100vw, 960px\" \/><\/figure>\n\n\n\n<figure class=\"wp-block-image size-large\"><img loading=\"lazy\" decoding=\"async\" width=\"657\" height=\"299\" data-id=\"987\" src=\"https:\/\/mockelnforeningarna.se\/app\/uploads\/sites\/30\/2018\/05\/betongen.jpg\" alt=\"\" class=\"wp-image-987\" srcset=\"https:\/\/mockelnforeningarna.se\/app\/uploads\/sites\/30\/2018\/05\/betongen.jpg 657w, https:\/\/mockelnforeningarna.se\/app\/uploads\/sites\/30\/2018\/05\/betongen-300x137.jpg 300w, https:\/\/mockelnforeningarna.se\/app\/uploads\/sites\/30\/2018\/05\/betongen-500x228.jpg 500w, https:\/\/mockelnforeningarna.se\/app\/uploads\/sites\/30\/2018\/05\/betongen-600x273.jpg 600w\" sizes=\"auto, (max-width: 657px) 100vw, 657px\" \/><\/figure>\n\n\n\n<figure class=\"wp-block-image size-large\"><img loading=\"lazy\" decoding=\"async\" width=\"960\" height=\"720\" data-id=\"986\" src=\"https:\/\/mockelnforeningarna.se\/app\/uploads\/sites\/30\/2018\/05\/942861_10151372679900988_2032139787_n.jpg\" alt=\"\" class=\"wp-image-986\" srcset=\"https:\/\/mockelnforeningarna.se\/app\/uploads\/sites\/30\/2018\/05\/942861_10151372679900988_2032139787_n.jpg 960w, https:\/\/mockelnforeningarna.se\/app\/uploads\/sites\/30\/2018\/05\/942861_10151372679900988_2032139787_n-300x225.jpg 300w, https:\/\/mockelnforeningarna.se\/app\/uploads\/sites\/30\/2018\/05\/942861_10151372679900988_2032139787_n-768x576.jpg 768w, https:\/\/mockelnforeningarna.se\/app\/uploads\/sites\/30\/2018\/05\/942861_10151372679900988_2032139787_n-800x600.jpg 800w, https:\/\/mockelnforeningarna.se\/app\/uploads\/sites\/30\/2018\/05\/942861_10151372679900988_2032139787_n-500x375.jpg 500w, https:\/\/mockelnforeningarna.se\/app\/uploads\/sites\/30\/2018\/05\/942861_10151372679900988_2032139787_n-600x450.jpg 600w\" sizes=\"auto, (max-width: 960px) 100vw, 960px\" \/><\/figure>\n\n\n\n<figure class=\"wp-block-image size-large\"><img loading=\"lazy\" decoding=\"async\" width=\"960\" height=\"720\" data-id=\"985\" src=\"https:\/\/mockelnforeningarna.se\/app\/uploads\/sites\/30\/2018\/05\/15747565_10154022550545988_6765009153281971964_n.jpg\" alt=\"\" class=\"wp-image-985\" srcset=\"https:\/\/mockelnforeningarna.se\/app\/uploads\/sites\/30\/2018\/05\/15747565_10154022550545988_6765009153281971964_n.jpg 960w, https:\/\/mockelnforeningarna.se\/app\/uploads\/sites\/30\/2018\/05\/15747565_10154022550545988_6765009153281971964_n-300x225.jpg 300w, https:\/\/mockelnforeningarna.se\/app\/uploads\/sites\/30\/2018\/05\/15747565_10154022550545988_6765009153281971964_n-768x576.jpg 768w, https:\/\/mockelnforeningarna.se\/app\/uploads\/sites\/30\/2018\/05\/15747565_10154022550545988_6765009153281971964_n-800x600.jpg 800w, https:\/\/mockelnforeningarna.se\/app\/uploads\/sites\/30\/2018\/05\/15747565_10154022550545988_6765009153281971964_n-500x375.jpg 500w, https:\/\/mockelnforeningarna.se\/app\/uploads\/sites\/30\/2018\/05\/15747565_10154022550545988_6765009153281971964_n-600x450.jpg 600w\" sizes=\"auto, (max-width: 960px) 100vw, 960px\" \/><\/figure>\n\n\n\n<figure class=\"wp-block-image size-large\"><img loading=\"lazy\" decoding=\"async\" width=\"960\" height=\"720\" data-id=\"984\" src=\"https:\/\/mockelnforeningarna.se\/app\/uploads\/sites\/30\/2018\/05\/15665533_10154022550430988_1988911703641825615_n.jpg\" alt=\"\" class=\"wp-image-984\" srcset=\"https:\/\/mockelnforeningarna.se\/app\/uploads\/sites\/30\/2018\/05\/15665533_10154022550430988_1988911703641825615_n.jpg 960w, https:\/\/mockelnforeningarna.se\/app\/uploads\/sites\/30\/2018\/05\/15665533_10154022550430988_1988911703641825615_n-300x225.jpg 300w, https:\/\/mockelnforeningarna.se\/app\/uploads\/sites\/30\/2018\/05\/15665533_10154022550430988_1988911703641825615_n-768x576.jpg 768w, https:\/\/mockelnforeningarna.se\/app\/uploads\/sites\/30\/2018\/05\/15665533_10154022550430988_1988911703641825615_n-800x600.jpg 800w, https:\/\/mockelnforeningarna.se\/app\/uploads\/sites\/30\/2018\/05\/15665533_10154022550430988_1988911703641825615_n-500x375.jpg 500w, https:\/\/mockelnforeningarna.se\/app\/uploads\/sites\/30\/2018\/05\/15665533_10154022550430988_1988911703641825615_n-600x450.jpg 600w\" sizes=\"auto, (max-width: 960px) 100vw, 960px\" \/><\/figure>\n\n\n\n<figure class=\"wp-block-image size-large\"><img loading=\"lazy\" decoding=\"async\" width=\"640\" height=\"640\" data-id=\"983\" src=\"https:\/\/mockelnforeningarna.se\/app\/uploads\/sites\/30\/2018\/05\/10419503_10154262775950258_6679423374819415403_n.jpg\" alt=\"\" class=\"wp-image-983\" srcset=\"https:\/\/mockelnforeningarna.se\/app\/uploads\/sites\/30\/2018\/05\/10419503_10154262775950258_6679423374819415403_n.jpg 640w, https:\/\/mockelnforeningarna.se\/app\/uploads\/sites\/30\/2018\/05\/10419503_10154262775950258_6679423374819415403_n-300x300.jpg 300w, https:\/\/mockelnforeningarna.se\/app\/uploads\/sites\/30\/2018\/05\/10419503_10154262775950258_6679423374819415403_n-150x150.jpg 150w, https:\/\/mockelnforeningarna.se\/app\/uploads\/sites\/30\/2018\/05\/10419503_10154262775950258_6679423374819415403_n-500x500.jpg 500w, https:\/\/mockelnforeningarna.se\/app\/uploads\/sites\/30\/2018\/05\/10419503_10154262775950258_6679423374819415403_n-600x600.jpg 600w\" sizes=\"auto, (max-width: 640px) 100vw, 640px\" \/><\/figure>\n\n\n\n<figure class=\"wp-block-image size-large\"><img loading=\"lazy\" decoding=\"async\" width=\"1024\" height=\"768\" data-id=\"982\" src=\"https:\/\/mockelnforeningarna.se\/app\/uploads\/sites\/30\/2018\/05\/IMG_9509-1024x768.jpg\" alt=\"\" class=\"wp-image-982\" srcset=\"https:\/\/mockelnforeningarna.se\/app\/uploads\/sites\/30\/2018\/05\/IMG_9509-1024x768.jpg 1024w, https:\/\/mockelnforeningarna.se\/app\/uploads\/sites\/30\/2018\/05\/IMG_9509-300x225.jpg 300w, https:\/\/mockelnforeningarna.se\/app\/uploads\/sites\/30\/2018\/05\/IMG_9509-768x576.jpg 768w, https:\/\/mockelnforeningarna.se\/app\/uploads\/sites\/30\/2018\/05\/IMG_9509-1536x1152.jpg 1536w, https:\/\/mockelnforeningarna.se\/app\/uploads\/sites\/30\/2018\/05\/IMG_9509-2048x1536.jpg 2048w, https:\/\/mockelnforeningarna.se\/app\/uploads\/sites\/30\/2018\/05\/IMG_9509-1400x1050.jpg 1400w, https:\/\/mockelnforeningarna.se\/app\/uploads\/sites\/30\/2018\/05\/IMG_9509-800x600.jpg 800w, https:\/\/mockelnforeningarna.se\/app\/uploads\/sites\/30\/2018\/05\/IMG_9509-500x375.jpg 500w, https:\/\/mockelnforeningarna.se\/app\/uploads\/sites\/30\/2018\/05\/IMG_9509-1440x1080.jpg 1440w, https:\/\/mockelnforeningarna.se\/app\/uploads\/sites\/30\/2018\/05\/IMG_9509-600x450.jpg 600w, https:\/\/mockelnforeningarna.se\/app\/uploads\/sites\/30\/2018\/05\/IMG_9509-1600x1200.jpg 1600w\" sizes=\"auto, (max-width: 1024px) 100vw, 1024px\" \/><\/figure>\n\n\n\n<figure class=\"wp-block-image size-large\"><img loading=\"lazy\" decoding=\"async\" width=\"1024\" height=\"273\" data-id=\"981\" src=\"https:\/\/mockelnforeningarna.se\/app\/uploads\/sites\/30\/2018\/05\/IMG_6926-e1555417073547-1024x273.jpg\" alt=\"\" class=\"wp-image-981\" srcset=\"https:\/\/mockelnforeningarna.se\/app\/uploads\/sites\/30\/2018\/05\/IMG_6926-e1555417073547-1024x273.jpg 1024w, https:\/\/mockelnforeningarna.se\/app\/uploads\/sites\/30\/2018\/05\/IMG_6926-e1555417073547-300x80.jpg 300w, https:\/\/mockelnforeningarna.se\/app\/uploads\/sites\/30\/2018\/05\/IMG_6926-e1555417073547-768x205.jpg 768w, https:\/\/mockelnforeningarna.se\/app\/uploads\/sites\/30\/2018\/05\/IMG_6926-e1555417073547-1536x410.jpg 1536w, https:\/\/mockelnforeningarna.se\/app\/uploads\/sites\/30\/2018\/05\/IMG_6926-e1555417073547-2048x546.jpg 2048w, https:\/\/mockelnforeningarna.se\/app\/uploads\/sites\/30\/2018\/05\/IMG_6926-e1555417073547-1400x374.jpg 1400w, https:\/\/mockelnforeningarna.se\/app\/uploads\/sites\/30\/2018\/05\/IMG_6926-e1555417073547-800x213.jpg 800w, https:\/\/mockelnforeningarna.se\/app\/uploads\/sites\/30\/2018\/05\/IMG_6926-e1555417073547-500x133.jpg 500w, https:\/\/mockelnforeningarna.se\/app\/uploads\/sites\/30\/2018\/05\/IMG_6926-e1555417073547-1440x384.jpg 1440w, https:\/\/mockelnforeningarna.se\/app\/uploads\/sites\/30\/2018\/05\/IMG_6926-e1555417073547-600x160.jpg 600w, https:\/\/mockelnforeningarna.se\/app\/uploads\/sites\/30\/2018\/05\/IMG_6926-e1555417073547-1600x427.jpg 1600w\" sizes=\"auto, (max-width: 1024px) 100vw, 1024px\" \/><figcaption class=\"wp-element-caption\">DIY-ytan vid Bodaborg<\/figcaption><\/figure>\n<\/figure>\n","protected":false},"excerpt":{"rendered":"<p>V\u00e5ra tre \u00e5kbara ytor i Karlskoga kan ni se h\u00e4r under i bildgalleriet. Ekeby DIY &#8211; \u00c4r v\u00e5r utomhusyta d\u00e4r vi bygger sj\u00e4lva i betong. Ytan finns mittemot Bodaborg p\u00e5 [&hellip;]<\/p>\n","protected":false},"author":3,"featured_media":0,"parent":0,"menu_order":0,"comment_status":"closed","ping_status":"closed","template":"","meta":{"footnotes":""},"class_list":["post-1007","page","type-page","status-publish","hentry"],"_links":{"self":[{"href":"https:\/\/mockelnforeningarna.se\/rampaborg\/wp-json\/wp\/v2\/pages\/1007","targetHints":{"allow":["GET"]}}],"collection":[{"href":"https:\/\/mockelnforeningarna.se\/rampaborg\/wp-json\/wp\/v2\/pages"}],"about":[{"href":"https:\/\/mockelnforeningarna.se\/rampaborg\/wp-json\/wp\/v2\/types\/page"}],"author":[{"embeddable":true,"href":"https:\/\/mockelnforeningarna.se\/rampaborg\/wp-json\/wp\/v2\/users\/3"}],"replies":[{"embeddable":true,"href":"https:\/\/mockelnforeningarna.se\/rampaborg\/wp-json\/wp\/v2\/comments?post=1007"}],"version-history":[{"count":3,"href":"https:\/\/mockelnforeningarna.se\/rampaborg\/wp-json\/wp\/v2\/pages\/1007\/revisions"}],"predecessor-version":[{"id":1414,"href":"https:\/\/mockelnforeningarna.se\/rampaborg\/wp-json\/wp\/v2\/pages\/1007\/revisions\/1414"}],"wp:attachment":[{"href":"https:\/\/mockelnforeningarna.se\/rampaborg\/wp-json\/wp\/v2\/media?parent=1007"}],"curies":[{"name":"wp","href":"https:\/\/api.w.org\/{rel}","templated":true}]}}