{"id":1018,"date":"2018-05-13T20:52:50","date_gmt":"2018-05-13T18:52:50","guid":{"rendered":"https:\/\/mockelnforeningarna.se\/rampaborg\/?page_id=1018"},"modified":"2023-08-23T19:55:33","modified_gmt":"2023-08-23T17:55:33","slug":"kontakt-medlemskap","status":"publish","type":"page","link":"https:\/\/mockelnforeningarna.se\/rampaborg\/kontakt-medlemskap\/","title":{"rendered":"Kontakt\/Medlemskap"},"content":{"rendered":"\n<p><strong>Rampaborg<\/strong> \u00e4r ansluten till Sveriges Skateboardf\u00f6rbund och Riksidrottsf\u00f6rbundet. Genom ett medlemskap i f\u00f6reningen s\u00e5 f\u00e5r man tillg\u00e5ng till en olycksfallsf\u00f6rs\u00e4kring om olyckan skulle vara framme, f\u00f6rs\u00e4kringen \u00e4r giltig till\/fr\u00e5n och under aktivitet i Rampaborg. N\u00e4r ni betalar medlemsavgiften s\u00e5&nbsp;hj\u00e4lper ni ocks\u00e5 f\u00f6reningen att v\u00e4xa och kunna utvecklas med att bygga nya saker p\u00e5 v\u00e5ra \u00e5kytor.<\/p>\n\n\n\n<p>Alla medlemmar upp till 12 \u00e5r ska ha hj\u00e4lm vid aktivitet i Rampaborg!<\/p>\n\n\n\n<p>\u00c4r du intresserad av att bli medlem? Maila oss eller bes\u00f6k oss under n\u00e5gon av v\u00e5ra \u00f6ppettider!<\/p>\n\n\n\n<p><strong><span class=\"s1\">Rampaborg utg\u00e5r ifr\u00e5n<\/span><\/strong><strong><span class=\"s1\">&nbsp;lastkajen bakom OK\/Q8<\/span><\/strong><\/p>\n\n\n\n<p><strong><span class=\"s1\">Karlskoga Skateboard F\u00f6rening<br><\/span><\/strong><strong><span class=\"s1\">G\u00f6sta Berlings v\u00e4g 11<br>69138 KARLSKOGA<\/span><\/strong><\/p>\n\n\n\n<p><strong>Kontakt:<\/strong><\/p>\n\n\n\n<p><a href=\"mailto:rampaborg@gmail.com\">Rampaborg@gmail.com<\/a><\/p>\n","protected":false},"excerpt":{"rendered":"<p>Rampaborg \u00e4r ansluten till Sveriges Skateboardf\u00f6rbund och Riksidrottsf\u00f6rbundet. Genom ett medlemskap i f\u00f6reningen s\u00e5 f\u00e5r man tillg\u00e5ng till en olycksfallsf\u00f6rs\u00e4kring om olyckan skulle vara framme, f\u00f6rs\u00e4kringen \u00e4r giltig till\/fr\u00e5n och [&hellip;]<\/p>\n","protected":false},"author":3,"featured_media":0,"parent":0,"menu_order":0,"comment_status":"closed","ping_status":"closed","template":"","meta":{"footnotes":""},"class_list":["post-1018","page","type-page","status-publish","hentry"],"_links":{"self":[{"href":"https:\/\/mockelnforeningarna.se\/rampaborg\/wp-json\/wp\/v2\/pages\/1018","targetHints":{"allow":["GET"]}}],"collection":[{"href":"https:\/\/mockelnforeningarna.se\/rampaborg\/wp-json\/wp\/v2\/pages"}],"about":[{"href":"https:\/\/mockelnforeningarna.se\/rampaborg\/wp-json\/wp\/v2\/types\/page"}],"author":[{"embeddable":true,"href":"https:\/\/mockelnforeningarna.se\/rampaborg\/wp-json\/wp\/v2\/users\/3"}],"replies":[{"embeddable":true,"href":"https:\/\/mockelnforeningarna.se\/rampaborg\/wp-json\/wp\/v2\/comments?post=1018"}],"version-history":[{"count":2,"href":"https:\/\/mockelnforeningarna.se\/rampaborg\/wp-json\/wp\/v2\/pages\/1018\/revisions"}],"predecessor-version":[{"id":1356,"href":"https:\/\/mockelnforeningarna.se\/rampaborg\/wp-json\/wp\/v2\/pages\/1018\/revisions\/1356"}],"wp:attachment":[{"href":"https:\/\/mockelnforeningarna.se\/rampaborg\/wp-json\/wp\/v2\/media?parent=1018"}],"curies":[{"name":"wp","href":"https:\/\/api.w.org\/{rel}","templated":true}]}}